{"id":434,"date":"2025-03-19T06:39:44","date_gmt":"2025-03-19T06:39:44","guid":{"rendered":"https:\/\/icomo.rec.co.mz\/?post_type=product&#038;p=434"},"modified":"2025-03-19T07:13:27","modified_gmt":"2025-03-19T07:13:27","slug":"cadeiras","status":"publish","type":"product","link":"https:\/\/icomo.co.mz\/en\/product\/cadeiras\/","title":{"rendered":"Cadeiras"},"content":{"rendered":"<p>Descubra a combina\u00e7\u00e3o perfeita entre design moderno, ergonomia avan\u00e7ada e conforto incompar\u00e1vel com as nossas Cadeiras. Projetadas para oferecer suporte ideal e bem-estar em ambientes de alta performance, nossas cadeiras transformam seu espa\u00e7o em um ambiente sofisticado e acolhedor, refletindo o profissionalismo que seu neg\u00f3cio merece.<\/p>","protected":false},"featured_media":437,"template":"","cat_product":[],"class_list":["post-434","product","type-product","status-publish","has-post-thumbnail","hentry"],"acf":[],"_links":{"self":[{"href":"https:\/\/icomo.co.mz\/en\/wp-json\/wp\/v2\/product\/434","targetHints":{"allow":["GET"]}}],"collection":[{"href":"https:\/\/icomo.co.mz\/en\/wp-json\/wp\/v2\/product"}],"about":[{"href":"https:\/\/icomo.co.mz\/en\/wp-json\/wp\/v2\/types\/product"}],"version-history":[{"count":1,"href":"https:\/\/icomo.co.mz\/en\/wp-json\/wp\/v2\/product\/434\/revisions"}],"predecessor-version":[{"id":435,"href":"https:\/\/icomo.co.mz\/en\/wp-json\/wp\/v2\/product\/434\/revisions\/435"}],"wp:featuredmedia":[{"embeddable":true,"href":"https:\/\/icomo.co.mz\/en\/wp-json\/wp\/v2\/media\/437"}],"wp:attachment":[{"href":"https:\/\/icomo.co.mz\/en\/wp-json\/wp\/v2\/media?parent=434"}],"wp:term":[{"taxonomy":"cat_product","embeddable":true,"href":"https:\/\/icomo.co.mz\/en\/wp-json\/wp\/v2\/cat_product?post=434"}],"curies":[{"name":"wp","href":"https:\/\/api.w.org\/{rel}","templated":true}]}}