{"id":325,"date":"2025-02-18T06:44:54","date_gmt":"2025-02-18T06:44:54","guid":{"rendered":"https:\/\/icomo.rec.co.mz\/?post_type=product&#038;p=325"},"modified":"2025-02-20T03:31:37","modified_gmt":"2025-02-20T03:31:37","slug":"estores","status":"publish","type":"product","link":"https:\/\/icomo.co.mz\/en\/product\/estores\/","title":{"rendered":"Estores"},"content":{"rendered":"<p>Descubra como os nossos estores transformam o seu espa\u00e7o, oferecendo o equil\u00edbrio perfeito entre design moderno, funcionalidade e conforto. Desenvolvidos para proporcionar privacidade e controle de luminosidade com facilidade, os nossos estores s\u00e3o a escolha ideal para quem busca uma decora\u00e7\u00e3o sofisticada e pr\u00e1tica.<\/p>\n\n\n\n<p><\/p>","protected":false},"featured_media":332,"template":"","cat_product":[14,13],"class_list":["post-325","product","type-product","status-publish","has-post-thumbnail","hentry","cat_product-cat_comercial","cat_product-cat_residencial"],"acf":[],"_links":{"self":[{"href":"https:\/\/icomo.co.mz\/en\/wp-json\/wp\/v2\/product\/325","targetHints":{"allow":["GET"]}}],"collection":[{"href":"https:\/\/icomo.co.mz\/en\/wp-json\/wp\/v2\/product"}],"about":[{"href":"https:\/\/icomo.co.mz\/en\/wp-json\/wp\/v2\/types\/product"}],"version-history":[{"count":1,"href":"https:\/\/icomo.co.mz\/en\/wp-json\/wp\/v2\/product\/325\/revisions"}],"predecessor-version":[{"id":338,"href":"https:\/\/icomo.co.mz\/en\/wp-json\/wp\/v2\/product\/325\/revisions\/338"}],"wp:featuredmedia":[{"embeddable":true,"href":"https:\/\/icomo.co.mz\/en\/wp-json\/wp\/v2\/media\/332"}],"wp:attachment":[{"href":"https:\/\/icomo.co.mz\/en\/wp-json\/wp\/v2\/media?parent=325"}],"wp:term":[{"taxonomy":"cat_product","embeddable":true,"href":"https:\/\/icomo.co.mz\/en\/wp-json\/wp\/v2\/cat_product?post=325"}],"curies":[{"name":"wp","href":"https:\/\/api.w.org\/{rel}","templated":true}]}}